{"id":149,"date":"2021-07-15T12:51:54","date_gmt":"2021-07-15T12:51:54","guid":{"rendered":"http:\/\/materialnord.com\/?page_id=149"},"modified":"2026-01-27T14:25:44","modified_gmt":"2026-01-27T14:25:44","slug":"sheepskins-lamb-leather","status":"publish","type":"page","link":"https:\/\/materialnord.com\/?page_id=149","title":{"rendered":"Lambag\u00e6rur \/ Sheepskins"},"content":{"rendered":"\n<h2>Br\u00e1kareyjar Lambag\u00e6ra &#8211; N\u00e1tt\u00faruleg hl\u00fdja<\/h2>\n\n\n\n<figure class=\"wp-block-image size-large\"><img loading=\"lazy\" width=\"1909\" height=\"1512\" src=\"http:\/\/materialnord.com\/wp-content\/uploads\/2025\/03\/IMG_3451-1909x1512.jpg\" alt=\"\" class=\"wp-image-334\" srcset=\"https:\/\/materialnord.com\/wp-content\/uploads\/2025\/03\/IMG_3451-1909x1512.jpg 1909w, https:\/\/materialnord.com\/wp-content\/uploads\/2025\/03\/IMG_3451-300x238.jpg 300w, https:\/\/materialnord.com\/wp-content\/uploads\/2025\/03\/IMG_3451-768x608.jpg 768w, https:\/\/materialnord.com\/wp-content\/uploads\/2025\/03\/IMG_3451-1536x1216.jpg 1536w, https:\/\/materialnord.com\/wp-content\/uploads\/2025\/03\/IMG_3451-2048x1622.jpg 2048w\" sizes=\"(max-width: 767px) 89vw, (max-width: 1000px) 54vw, (max-width: 1071px) 543px, 580px\" \/><figcaption>Designers Harper &amp; Gulla working with Br\u00e1karey sheepskins <\/figcaption><\/figure>\n\n\n\n<p>Lambag\u00e6ra er s\u00edgilt og sj\u00e1lfb\u00e6rt efni sem, me\u00f0 r\u00e9ttri umhir\u00f0u, getur enst \u00e6vilangt. Margir hafa \u00e1tt lambag\u00e6rur sem hafa gengi\u00f0 \u00e1 milli kynsl\u00f3\u00f0a og er h\u00fan \u00fev\u00ed sannk\u00f6llu\u00f0 fj\u00e1rfesting \u00ed n\u00e1tt\u00farulegum g\u00e6\u00f0um. \u00c1 t\u00edmum \u00fear sem sj\u00e1lfb\u00e6rni, handverk og s\u00edgild h\u00f6nnun er s\u00edfellt a\u00f0 f\u00e1 meiri athygli og \u00e1huga, skarar lambag\u00e6rur fram \u00far sem einstakur valkostur fyrir h\u00f6nnu\u00f0i og skapandi a\u00f0ila.<\/p>\n\n\n\n<p>Vegna fallegu \u00e1fer\u00f0ar sinnar, hl\u00fdju og fj\u00f6lh\u00e6fni hefur lambag\u00e6ran heilla\u00f0 b\u00e6\u00f0i fata- og innanh\u00fassh\u00f6nnu\u00f0i um aldir. \u00deessi n\u00e1tt\u00farulega aukaafur\u00f0 er ekki a\u00f0eins fengin \u00e1 si\u00f0fer\u00f0islega h\u00e1tt heldur sameinar h\u00fan einnig gl\u00e6sileika, notagildi og endingu. Hvort sem um r\u00e6\u00f0ir t\u00edskufatna\u00f0 e\u00f0a hl\u00fdleg heimilish\u00fasg\u00f6gn, \u00fe\u00e1 gefur lambag\u00e6ran h\u00f6nnuninni b\u00e6\u00f0i f\u00e1gun og \u00fe\u00e6gindi.<\/p>\n\n\n\n<p>Vi\u00f0 hj\u00e1 MaterialNord bj\u00f3\u00f0um upp \u00e1 fyrsta flokks handunnar lambag\u00e6rur fr\u00e1 <a href=\"https:\/\/materialnord.com\/?page_id=175\">Br\u00e1karey<\/a>, litlu fyrirt\u00e6ki \u00ed eigu \u00feriggja b\u00e6nda \u00e1 Vesturlandi. Hvert skinn er s\u00fata\u00f0 \u00ed Sv\u00ed\u00fej\u00f3\u00f0 me\u00f0 vistv\u00e6nni a\u00f0fer\u00f0 sem fylgir str\u00f6ngustu umhverfisreglum landsins. \u00d3l\u00edkt hef\u00f0bundnum n\u00fat\u00edma a\u00f0fer\u00f0um sem nota sterk kem\u00edsk efni til a\u00f0 fl\u00fdta s\u00fatunarferlinu ni\u00f0ur \u00ed einungis tv\u00e6r vikur, \u00fe\u00e1 tekur okkar umhverfisv\u00e6na ferli yfir \u00ferj\u00e1 m\u00e1nu\u00f0i. \u00dea\u00f0 tryggir n\u00e1tt\u00farulega, h\u00e1g\u00e6\u00f0a \u00e1fer\u00f0 \u00e1 lambag\u00e6runni \u00e1n \u00feess a\u00f0 sker\u00f0a sj\u00e1lfb\u00e6rni. \u00datkoman er \u00f3tr\u00falega mj\u00fak, endingarg\u00f3\u00f0 lambag\u00e6ra sem endurspegla si\u00f0fer\u00f0islegt handverk og s\u00edgilda fegur\u00f0.<\/p>\n\n\n\n<p>Einstakt hr\u00e1efni til a\u00f0 skapa verk sem sameina hef\u00f0 og n\u00fdsk\u00f6pun. Me\u00f0 einstaka eiginleika s\u00edna\u2014\u00f6ndun, einangrun og endingu\u2014er lambag\u00e6ra \u00f3missandi \u00ed b\u00e6\u00f0i fata- og innanh\u00fassh\u00f6nnun. Fanga\u00f0u hinn sanna skandinav\u00edska st\u00edl me\u00f0 ekta \u00edslenskri lambag\u00e6ru sem gefur hverju r\u00fdmi og hverri fl\u00edk hl\u00fdju, m\u00fdkt og \u00fe\u00e6gindi.<\/p>\n\n\n\n<figure class=\"wp-block-gallery columns-2 is-cropped\"><ul class=\"blocks-gallery-grid\"><li class=\"blocks-gallery-item\"><figure><img loading=\"lazy\" width=\"1283\" height=\"1512\" src=\"http:\/\/materialnord.com\/wp-content\/uploads\/2025\/03\/IMG_3330_1-1283x1512.jpg\" alt=\"\" data-id=\"471\" data-full-url=\"http:\/\/materialnord.com\/wp-content\/uploads\/2025\/03\/IMG_3330_1.jpg\" data-link=\"https:\/\/materialnord.com\/?attachment_id=471\" class=\"wp-image-471\" srcset=\"https:\/\/materialnord.com\/wp-content\/uploads\/2025\/03\/IMG_3330_1-1283x1512.jpg 1283w, https:\/\/materialnord.com\/wp-content\/uploads\/2025\/03\/IMG_3330_1-254x300.jpg 254w, https:\/\/materialnord.com\/wp-content\/uploads\/2025\/03\/IMG_3330_1-768x905.jpg 768w, https:\/\/materialnord.com\/wp-content\/uploads\/2025\/03\/IMG_3330_1-1303x1536.jpg 1303w, https:\/\/materialnord.com\/wp-content\/uploads\/2025\/03\/IMG_3330_1-1737x2048.jpg 1737w, https:\/\/materialnord.com\/wp-content\/uploads\/2025\/03\/IMG_3330_1.jpg 1772w\" sizes=\"(max-width: 767px) 89vw, (max-width: 1000px) 54vw, (max-width: 1071px) 543px, 580px\" \/><\/figure><\/li><li class=\"blocks-gallery-item\"><figure><img loading=\"lazy\" width=\"1321\" height=\"1512\" src=\"http:\/\/materialnord.com\/wp-content\/uploads\/2025\/03\/IMG_3230_1-1321x1512.jpg\" alt=\"\" data-id=\"470\" data-full-url=\"http:\/\/materialnord.com\/wp-content\/uploads\/2025\/03\/IMG_3230_1.jpg\" data-link=\"https:\/\/materialnord.com\/?attachment_id=470\" class=\"wp-image-470\" srcset=\"https:\/\/materialnord.com\/wp-content\/uploads\/2025\/03\/IMG_3230_1-1321x1512.jpg 1321w, https:\/\/materialnord.com\/wp-content\/uploads\/2025\/03\/IMG_3230_1-262x300.jpg 262w, https:\/\/materialnord.com\/wp-content\/uploads\/2025\/03\/IMG_3230_1-768x879.jpg 768w, https:\/\/materialnord.com\/wp-content\/uploads\/2025\/03\/IMG_3230_1-1341x1536.jpg 1341w, https:\/\/materialnord.com\/wp-content\/uploads\/2025\/03\/IMG_3230_1.jpg 1738w\" sizes=\"(max-width: 767px) 89vw, (max-width: 1000px) 54vw, (max-width: 1071px) 543px, 580px\" \/><\/figure><\/li><\/ul><figcaption class=\"blocks-gallery-caption\">M\u00e1ni chair with Br\u00e1karey sheepskin | Design by Konstant Handverk<\/figcaption><\/figure>\n\n\n\n<figure class=\"wp-block-gallery columns-3 is-cropped\"><ul class=\"blocks-gallery-grid\"><li class=\"blocks-gallery-item\"><figure><img loading=\"lazy\" width=\"2016\" height=\"1326\" src=\"http:\/\/materialnord.com\/wp-content\/uploads\/2025\/03\/IMG_2757_a-2016x1326.jpg\" alt=\"\" data-id=\"497\" data-full-url=\"http:\/\/materialnord.com\/wp-content\/uploads\/2025\/03\/IMG_2757_a-scaled.jpg\" data-link=\"https:\/\/materialnord.com\/?attachment_id=497\" class=\"wp-image-497\" srcset=\"https:\/\/materialnord.com\/wp-content\/uploads\/2025\/03\/IMG_2757_a-2016x1326.jpg 2016w, https:\/\/materialnord.com\/wp-content\/uploads\/2025\/03\/IMG_2757_a-300x197.jpg 300w, https:\/\/materialnord.com\/wp-content\/uploads\/2025\/03\/IMG_2757_a-768x505.jpg 768w, https:\/\/materialnord.com\/wp-content\/uploads\/2025\/03\/IMG_2757_a-1536x1010.jpg 1536w, https:\/\/materialnord.com\/wp-content\/uploads\/2025\/03\/IMG_2757_a-2048x1347.jpg 2048w\" sizes=\"(max-width: 767px) 89vw, (max-width: 1000px) 54vw, (max-width: 1071px) 543px, 580px\" \/><\/figure><\/li><li class=\"blocks-gallery-item\"><figure><img loading=\"lazy\" width=\"2016\" height=\"1344\" src=\"http:\/\/materialnord.com\/wp-content\/uploads\/2025\/03\/IMG_2853_a-2016x1344.jpg\" alt=\"\" data-id=\"496\" data-full-url=\"http:\/\/materialnord.com\/wp-content\/uploads\/2025\/03\/IMG_2853_a-scaled.jpg\" data-link=\"https:\/\/materialnord.com\/?attachment_id=496\" class=\"wp-image-496\" srcset=\"https:\/\/materialnord.com\/wp-content\/uploads\/2025\/03\/IMG_2853_a-2016x1344.jpg 2016w, https:\/\/materialnord.com\/wp-content\/uploads\/2025\/03\/IMG_2853_a-300x200.jpg 300w, https:\/\/materialnord.com\/wp-content\/uploads\/2025\/03\/IMG_2853_a-768x512.jpg 768w, https:\/\/materialnord.com\/wp-content\/uploads\/2025\/03\/IMG_2853_a-1536x1024.jpg 1536w, https:\/\/materialnord.com\/wp-content\/uploads\/2025\/03\/IMG_2853_a-2048x1365.jpg 2048w\" sizes=\"(max-width: 767px) 89vw, (max-width: 1000px) 54vw, (max-width: 1071px) 543px, 580px\" \/><\/figure><\/li><li class=\"blocks-gallery-item\"><figure><img loading=\"lazy\" width=\"2016\" height=\"1344\" src=\"http:\/\/materialnord.com\/wp-content\/uploads\/2025\/03\/IMG_2953_b-2016x1344.jpg\" alt=\"\" data-id=\"495\" data-full-url=\"http:\/\/materialnord.com\/wp-content\/uploads\/2025\/03\/IMG_2953_b-scaled.jpg\" data-link=\"https:\/\/materialnord.com\/?attachment_id=495\" class=\"wp-image-495\" srcset=\"https:\/\/materialnord.com\/wp-content\/uploads\/2025\/03\/IMG_2953_b-2016x1344.jpg 2016w, https:\/\/materialnord.com\/wp-content\/uploads\/2025\/03\/IMG_2953_b-300x200.jpg 300w, https:\/\/materialnord.com\/wp-content\/uploads\/2025\/03\/IMG_2953_b-768x512.jpg 768w, https:\/\/materialnord.com\/wp-content\/uploads\/2025\/03\/IMG_2953_b-1536x1024.jpg 1536w, https:\/\/materialnord.com\/wp-content\/uploads\/2025\/03\/IMG_2953_b-2048x1365.jpg 2048w\" sizes=\"(max-width: 767px) 89vw, (max-width: 1000px) 54vw, (max-width: 1071px) 543px, 580px\" \/><\/figure><\/li><\/ul><figcaption class=\"blocks-gallery-caption\">Herd stools with Br\u00e1karey sheepskin | Design by Nord Collective<\/figcaption><\/figure>\n\n\n\n<pre class=\"wp-block-verse\"><strong>Sheepskins from Br\u00e1karey - Naturally warm<\/strong>\n\nSheepskin is a timeless and sustainable material that, when properly cared for, can last a lifetime. Many cherish sheepskin pieces that have been passed down through generations, making them a true investment in quality. As sustainability, craftsmanship, and timeless fashion gain appreciation, sheepskin stands out as an exceptional choice for designers and makers.\n\nRenowned for its luxurious texture and versatile functionality, sheepskin has captivated fashion and interior designers for centuries. This natural by-product is not only ethically sourced but also embodies both elegance and durability. From fashion pieces to cozy home accessories, sheepskin effortlessly enhances any creation with sophistication and comfort.\n\nAt MaterialNord, we take pride in offering premium, farm-crafted sheepskins sourced from <a href=\"https:\/\/materialnord.com\/?page_id=175\">Br\u00e1karey<\/a>, a small company owned by three dedicated farmers in Iceland. Each sheepskin is tanned in Sweden using an eco-friendly process that follows strict environmental regulations. Unlike conventional methods that rely on harsh chemicals to speed up tanning to just two weeks, our process takes over three months\u2014ensuring a natural, high-quality finish without compromising sustainability. The result? Luxuriously soft, durable sheepskins that embody ethical craftsmanship and timeless beauty.\n\nOur selection allows designers to craft stunning pieces that merge tradition with innovation. Sheepskin\u2019s unique properties\u2014breathability, insulation, and durability\u2014make it an essential element in both fashion and interior design.\n<\/pre>\n\n\n\n<figure class=\"wp-block-image size-large\"><img loading=\"lazy\" width=\"1134\" height=\"1512\" src=\"http:\/\/materialnord.com\/wp-content\/uploads\/2025\/03\/image1_2-1134x1512.jpg\" alt=\"\" class=\"wp-image-449\" srcset=\"https:\/\/materialnord.com\/wp-content\/uploads\/2025\/03\/image1_2-1134x1512.jpg 1134w, https:\/\/materialnord.com\/wp-content\/uploads\/2025\/03\/image1_2-225x300.jpg 225w, https:\/\/materialnord.com\/wp-content\/uploads\/2025\/03\/image1_2-768x1024.jpg 768w, https:\/\/materialnord.com\/wp-content\/uploads\/2025\/03\/image1_2-1152x1536.jpg 1152w, https:\/\/materialnord.com\/wp-content\/uploads\/2025\/03\/image1_2-1536x2048.jpg 1536w, https:\/\/materialnord.com\/wp-content\/uploads\/2025\/03\/image1_2-scaled.jpg 1920w\" sizes=\"(max-width: 767px) 89vw, (max-width: 1000px) 54vw, (max-width: 1071px) 543px, 580px\" \/><figcaption>G\u00c6RA dress | Design by Sigr\u00ed\u00f0ur \u00c1g\u00fasta for singer BR\u00cdET <\/figcaption><\/figure>\n\n\n\n<p><\/p>\n\n\n\n<p><\/p>\n\n\n\n<h2>Litirnir<\/h2>\n\n\n\n<p>Engin ull er eins! Hver sau\u00f0ur hefur sinn einstaka feld. \u00cd meira en 1000 \u00e1r hefur \u00edslenska ve\u00f0r\u00e1ttan m\u00f3ta\u00f0 ullina \u00ed \u00f3tr\u00falega n\u00e1tt\u00farulega v\u00f6rn gegn \u00f3bl\u00ed\u00f0um a\u00f0st\u00e6\u00f0um.<\/p>\n\n\n\n<p>Allar lambag\u00e6rur eru einstakar fr\u00e1 n\u00e1tt\u00farnnar hendi  og hafa sinn sjarma.  Litir \u00edslensku lambag\u00e6ranna eru n\u00e1tt\u00farulega breytilegir, en um 87% af \u00edslenska stofninum \u00ed dag er hv\u00edtur \u00fear sem \u00fea\u00f0 er r\u00edkjandi erf\u00f0aeiginleiki. Gr\u00e1leitur litur er hins vegar afar sjaldg\u00e6fur og finnst a\u00f0eins \u00e1 um 2% \u00edslenskra kinda, sem gerir hann einstaklega s\u00e9rstakan og \u00e1hugaver\u00f0an.<\/p>\n\n\n\n<p>Ullin er klippt \u00ed mismunandi lengdir. Lambag\u00e6rur me\u00f0 l\u00f6ngum ullarh\u00e1rum eru \u00f3klipptar en \u00fea\u00f0 gefur \u00feeim hr\u00e1tt og n\u00e1tt\u00farulegt \u00fatlit.  Klipptu lambag\u00e6rurnar eru me\u00f0 styttri ullarh\u00e1rum sem gefur f\u00e1ga\u00f0an, norr\u00e6nan bl\u00e6 en h\u00e1rin eru klippt \u00ed anna\u00f0hvort 18 mm e\u00f0a 35 mm lengd.<\/p>\n\n\n\n<p>Vi\u00f0 bj\u00f3\u00f0um upp \u00e1 algerlega n\u00e1tt\u00faruleg og \u00f3litu\u00f0 skinn sem halda s\u00ednum upprunalegu litum og einkennum. Einnig bj\u00f3\u00f0um vi\u00f0 upp \u00e1 fj\u00f6lbreytt \u00farval af litu\u00f0um lambag\u00e6rum. \u00dear sem \u00edslensk lambag\u00e6rurnar eru a\u00f0 mestu leyti hv\u00edt, eru \u00feau fullkomin fyrir litun.<\/p>\n\n\n\n<ul><li>Lambag\u00e6ra me\u00f0 18 mm ullarlengd<\/li><li>Lambag\u00e6ra me\u00f0 35 mm ullarlengd<\/li><li>Skrautg\u00e6rur me\u00f0 fullri ullarlengd<\/li><li>Lita\u00f0ar lambag\u00e6rur me\u00f0 r\u00faskinns\u00e1fer\u00f0 e\u00f0a glansandi le\u00f0ur\u00e1fer\u00f0 (mokkaskinn), e\u00f0a lita\u00f0ri ull<\/li><\/ul>\n\n\n\n<p><\/p>\n\n\n\n<p><\/p>\n\n\n\n<pre class=\"wp-block-verse\"><strong>Colours<\/strong>\n\nNo wool is the same! Every sheep has its own unique fleece and charm. For over 1,000 years, the Icelandic climate has shaped the wool into an incredible natural shield against harsh conditions.\n\nThe Icelandic sheepskin comes in variation of naturally unique colors, yet about 87% of the national flock today is white because it is the genetically dominant color.&nbsp;The natural grey sheepskin colour is only found on 2% of the Icelandic sheep, therefore&nbsp;a rare and interesting colour.\n\nThe wool is cut in different lengths and the colors vary naturally. The longer wool sheepskins are actually uncut, they have a rustic and natural look and the hairs can be 15-20 cm long. The short wool has a Nordic and elegant look to it, they are cut in either 18mm or 35mm lengths. \n\nWe offer completely natural and un-dyed hides retaining their original markings and colour. We also offer a range of dyed sheepskins. As most of Icelandic sheepskin is white by nature, which makes it ideal for colouring.\n\n- Skins,&nbsp;18 mm&nbsp;hair length\n- Skins,&nbsp;35 mm&nbsp;hair length\n- Decorative skins, full hair length\n- Dyed&nbsp;skins,&nbsp;suede finish or glossy leathery finish, or wool-dyed finish<\/pre>\n\n\n\n<p><\/p>\n\n\n\n<figure class=\"wp-block-gallery columns-3 is-cropped\"><ul class=\"blocks-gallery-grid\"><li class=\"blocks-gallery-item\"><figure><img loading=\"lazy\" width=\"1391\" height=\"1391\" src=\"http:\/\/materialnord.com\/wp-content\/uploads\/2021\/07\/IMG_1268_Sheepskin_A_3@0.5x.jpg\" alt=\"\" data-id=\"158\" data-full-url=\"http:\/\/materialnord.com\/wp-content\/uploads\/2021\/07\/IMG_1268_Sheepskin_A_3@0.5x.jpg\" data-link=\"http:\/\/materialnord.com\/?attachment_id=158\" class=\"wp-image-158\" srcset=\"https:\/\/materialnord.com\/wp-content\/uploads\/2021\/07\/IMG_1268_Sheepskin_A_3@0.5x.jpg 1391w, https:\/\/materialnord.com\/wp-content\/uploads\/2021\/07\/IMG_1268_Sheepskin_A_3@0.5x-300x300.jpg 300w, https:\/\/materialnord.com\/wp-content\/uploads\/2021\/07\/IMG_1268_Sheepskin_A_3@0.5x-150x150.jpg 150w, https:\/\/materialnord.com\/wp-content\/uploads\/2021\/07\/IMG_1268_Sheepskin_A_3@0.5x-768x768.jpg 768w, https:\/\/materialnord.com\/wp-content\/uploads\/2021\/07\/IMG_1268_Sheepskin_A_3@0.5x-100x100.jpg 100w\" sizes=\"(max-width: 767px) 89vw, (max-width: 1000px) 54vw, (max-width: 1071px) 543px, 580px\" \/><\/figure><\/li><li class=\"blocks-gallery-item\"><figure><img loading=\"lazy\" width=\"1424\" height=\"1424\" src=\"http:\/\/materialnord.com\/wp-content\/uploads\/2021\/07\/IMG_1333_Sheepskin_A_7@0.5x.jpg\" alt=\"\" data-id=\"162\" data-full-url=\"http:\/\/materialnord.com\/wp-content\/uploads\/2021\/07\/IMG_1333_Sheepskin_A_7@0.5x.jpg\" data-link=\"http:\/\/materialnord.com\/?attachment_id=162\" class=\"wp-image-162\" srcset=\"https:\/\/materialnord.com\/wp-content\/uploads\/2021\/07\/IMG_1333_Sheepskin_A_7@0.5x.jpg 1424w, https:\/\/materialnord.com\/wp-content\/uploads\/2021\/07\/IMG_1333_Sheepskin_A_7@0.5x-300x300.jpg 300w, https:\/\/materialnord.com\/wp-content\/uploads\/2021\/07\/IMG_1333_Sheepskin_A_7@0.5x-150x150.jpg 150w, https:\/\/materialnord.com\/wp-content\/uploads\/2021\/07\/IMG_1333_Sheepskin_A_7@0.5x-768x768.jpg 768w, https:\/\/materialnord.com\/wp-content\/uploads\/2021\/07\/IMG_1333_Sheepskin_A_7@0.5x-100x100.jpg 100w\" sizes=\"(max-width: 767px) 89vw, (max-width: 1000px) 54vw, (max-width: 1071px) 543px, 580px\" \/><\/figure><\/li><li class=\"blocks-gallery-item\"><figure><img loading=\"lazy\" width=\"1424\" height=\"1424\" src=\"http:\/\/materialnord.com\/wp-content\/uploads\/2021\/07\/IMG_1252_Sheepskin_A_1@0.5x.jpg\" alt=\"\" data-id=\"157\" data-full-url=\"http:\/\/materialnord.com\/wp-content\/uploads\/2021\/07\/IMG_1252_Sheepskin_A_1@0.5x.jpg\" data-link=\"http:\/\/materialnord.com\/?attachment_id=157\" class=\"wp-image-157\" srcset=\"https:\/\/materialnord.com\/wp-content\/uploads\/2021\/07\/IMG_1252_Sheepskin_A_1@0.5x.jpg 1424w, https:\/\/materialnord.com\/wp-content\/uploads\/2021\/07\/IMG_1252_Sheepskin_A_1@0.5x-300x300.jpg 300w, https:\/\/materialnord.com\/wp-content\/uploads\/2021\/07\/IMG_1252_Sheepskin_A_1@0.5x-150x150.jpg 150w, https:\/\/materialnord.com\/wp-content\/uploads\/2021\/07\/IMG_1252_Sheepskin_A_1@0.5x-768x768.jpg 768w, https:\/\/materialnord.com\/wp-content\/uploads\/2021\/07\/IMG_1252_Sheepskin_A_1@0.5x-100x100.jpg 100w\" sizes=\"(max-width: 767px) 89vw, (max-width: 1000px) 54vw, (max-width: 1071px) 543px, 580px\" \/><\/figure><\/li><li class=\"blocks-gallery-item\"><figure><img loading=\"lazy\" width=\"1424\" height=\"1424\" src=\"http:\/\/materialnord.com\/wp-content\/uploads\/2021\/07\/IMG_1281_Sheepskin_A_4@0.5x.jpg\" alt=\"\" data-id=\"159\" data-full-url=\"http:\/\/materialnord.com\/wp-content\/uploads\/2021\/07\/IMG_1281_Sheepskin_A_4@0.5x.jpg\" data-link=\"http:\/\/materialnord.com\/?attachment_id=159\" class=\"wp-image-159\" srcset=\"https:\/\/materialnord.com\/wp-content\/uploads\/2021\/07\/IMG_1281_Sheepskin_A_4@0.5x.jpg 1424w, https:\/\/materialnord.com\/wp-content\/uploads\/2021\/07\/IMG_1281_Sheepskin_A_4@0.5x-300x300.jpg 300w, https:\/\/materialnord.com\/wp-content\/uploads\/2021\/07\/IMG_1281_Sheepskin_A_4@0.5x-150x150.jpg 150w, https:\/\/materialnord.com\/wp-content\/uploads\/2021\/07\/IMG_1281_Sheepskin_A_4@0.5x-768x768.jpg 768w, https:\/\/materialnord.com\/wp-content\/uploads\/2021\/07\/IMG_1281_Sheepskin_A_4@0.5x-100x100.jpg 100w\" sizes=\"(max-width: 767px) 89vw, (max-width: 1000px) 54vw, (max-width: 1071px) 543px, 580px\" \/><\/figure><\/li><li class=\"blocks-gallery-item\"><figure><img loading=\"lazy\" width=\"1424\" height=\"1424\" src=\"http:\/\/materialnord.com\/wp-content\/uploads\/2021\/07\/IMG_1306_Sheepskin_A_5@0.5x.jpg\" alt=\"\" data-id=\"160\" data-full-url=\"http:\/\/materialnord.com\/wp-content\/uploads\/2021\/07\/IMG_1306_Sheepskin_A_5@0.5x.jpg\" data-link=\"http:\/\/materialnord.com\/?attachment_id=160\" class=\"wp-image-160\" srcset=\"https:\/\/materialnord.com\/wp-content\/uploads\/2021\/07\/IMG_1306_Sheepskin_A_5@0.5x.jpg 1424w, https:\/\/materialnord.com\/wp-content\/uploads\/2021\/07\/IMG_1306_Sheepskin_A_5@0.5x-300x300.jpg 300w, https:\/\/materialnord.com\/wp-content\/uploads\/2021\/07\/IMG_1306_Sheepskin_A_5@0.5x-150x150.jpg 150w, https:\/\/materialnord.com\/wp-content\/uploads\/2021\/07\/IMG_1306_Sheepskin_A_5@0.5x-768x768.jpg 768w, https:\/\/materialnord.com\/wp-content\/uploads\/2021\/07\/IMG_1306_Sheepskin_A_5@0.5x-100x100.jpg 100w\" sizes=\"(max-width: 767px) 89vw, (max-width: 1000px) 54vw, (max-width: 1071px) 543px, 580px\" \/><\/figure><\/li><li class=\"blocks-gallery-item\"><figure><img loading=\"lazy\" width=\"1424\" height=\"1424\" src=\"http:\/\/materialnord.com\/wp-content\/uploads\/2021\/07\/IMG_1310_Sheepskin_A_6@0.5x.jpg\" alt=\"\" data-id=\"161\" data-full-url=\"http:\/\/materialnord.com\/wp-content\/uploads\/2021\/07\/IMG_1310_Sheepskin_A_6@0.5x.jpg\" data-link=\"http:\/\/materialnord.com\/?attachment_id=161\" class=\"wp-image-161\" srcset=\"https:\/\/materialnord.com\/wp-content\/uploads\/2021\/07\/IMG_1310_Sheepskin_A_6@0.5x.jpg 1424w, https:\/\/materialnord.com\/wp-content\/uploads\/2021\/07\/IMG_1310_Sheepskin_A_6@0.5x-300x300.jpg 300w, https:\/\/materialnord.com\/wp-content\/uploads\/2021\/07\/IMG_1310_Sheepskin_A_6@0.5x-150x150.jpg 150w, https:\/\/materialnord.com\/wp-content\/uploads\/2021\/07\/IMG_1310_Sheepskin_A_6@0.5x-768x768.jpg 768w, https:\/\/materialnord.com\/wp-content\/uploads\/2021\/07\/IMG_1310_Sheepskin_A_6@0.5x-100x100.jpg 100w\" sizes=\"(max-width: 767px) 89vw, (max-width: 1000px) 54vw, (max-width: 1071px) 543px, 580px\" \/><\/figure><\/li><li class=\"blocks-gallery-item\"><figure><img loading=\"lazy\" width=\"1424\" height=\"1424\" src=\"http:\/\/materialnord.com\/wp-content\/uploads\/2021\/07\/IMG_1353_Sheepskin_A_8@0.5x.jpg\" alt=\"\" data-id=\"163\" data-full-url=\"http:\/\/materialnord.com\/wp-content\/uploads\/2021\/07\/IMG_1353_Sheepskin_A_8@0.5x.jpg\" data-link=\"http:\/\/materialnord.com\/?attachment_id=163\" class=\"wp-image-163\" srcset=\"https:\/\/materialnord.com\/wp-content\/uploads\/2021\/07\/IMG_1353_Sheepskin_A_8@0.5x.jpg 1424w, https:\/\/materialnord.com\/wp-content\/uploads\/2021\/07\/IMG_1353_Sheepskin_A_8@0.5x-300x300.jpg 300w, https:\/\/materialnord.com\/wp-content\/uploads\/2021\/07\/IMG_1353_Sheepskin_A_8@0.5x-150x150.jpg 150w, https:\/\/materialnord.com\/wp-content\/uploads\/2021\/07\/IMG_1353_Sheepskin_A_8@0.5x-768x768.jpg 768w, https:\/\/materialnord.com\/wp-content\/uploads\/2021\/07\/IMG_1353_Sheepskin_A_8@0.5x-100x100.jpg 100w\" sizes=\"(max-width: 767px) 89vw, (max-width: 1000px) 54vw, (max-width: 1071px) 543px, 580px\" \/><\/figure><\/li><li class=\"blocks-gallery-item\"><figure><img loading=\"lazy\" width=\"1373\" height=\"1373\" src=\"http:\/\/materialnord.com\/wp-content\/uploads\/2021\/07\/IMG_1381_Sheepskin_A_9@0.5x.jpg\" alt=\"\" data-id=\"164\" data-full-url=\"http:\/\/materialnord.com\/wp-content\/uploads\/2021\/07\/IMG_1381_Sheepskin_A_9@0.5x.jpg\" data-link=\"http:\/\/materialnord.com\/?attachment_id=164\" class=\"wp-image-164\" srcset=\"https:\/\/materialnord.com\/wp-content\/uploads\/2021\/07\/IMG_1381_Sheepskin_A_9@0.5x.jpg 1373w, https:\/\/materialnord.com\/wp-content\/uploads\/2021\/07\/IMG_1381_Sheepskin_A_9@0.5x-300x300.jpg 300w, https:\/\/materialnord.com\/wp-content\/uploads\/2021\/07\/IMG_1381_Sheepskin_A_9@0.5x-150x150.jpg 150w, https:\/\/materialnord.com\/wp-content\/uploads\/2021\/07\/IMG_1381_Sheepskin_A_9@0.5x-768x768.jpg 768w, https:\/\/materialnord.com\/wp-content\/uploads\/2021\/07\/IMG_1381_Sheepskin_A_9@0.5x-100x100.jpg 100w\" sizes=\"(max-width: 767px) 89vw, (max-width: 1000px) 54vw, (max-width: 1071px) 543px, 580px\" \/><\/figure><\/li><li class=\"blocks-gallery-item\"><figure><img loading=\"lazy\" width=\"1424\" height=\"1424\" src=\"http:\/\/materialnord.com\/wp-content\/uploads\/2021\/07\/IMG_1394_Sheepskin_A_10@0.5x.jpg\" alt=\"\" data-id=\"165\" data-full-url=\"http:\/\/materialnord.com\/wp-content\/uploads\/2021\/07\/IMG_1394_Sheepskin_A_10@0.5x.jpg\" data-link=\"http:\/\/materialnord.com\/?attachment_id=165\" class=\"wp-image-165\" srcset=\"https:\/\/materialnord.com\/wp-content\/uploads\/2021\/07\/IMG_1394_Sheepskin_A_10@0.5x.jpg 1424w, https:\/\/materialnord.com\/wp-content\/uploads\/2021\/07\/IMG_1394_Sheepskin_A_10@0.5x-300x300.jpg 300w, https:\/\/materialnord.com\/wp-content\/uploads\/2021\/07\/IMG_1394_Sheepskin_A_10@0.5x-150x150.jpg 150w, https:\/\/materialnord.com\/wp-content\/uploads\/2021\/07\/IMG_1394_Sheepskin_A_10@0.5x-768x768.jpg 768w, https:\/\/materialnord.com\/wp-content\/uploads\/2021\/07\/IMG_1394_Sheepskin_A_10@0.5x-100x100.jpg 100w\" sizes=\"(max-width: 767px) 89vw, (max-width: 1000px) 54vw, (max-width: 1071px) 543px, 580px\" \/><\/figure><\/li><\/ul><\/figure>\n\n\n\n<p><\/p>\n\n\n\n<p><\/p>\n\n\n\n<p><\/p>\n","protected":false},"excerpt":{"rendered":"<p>Br\u00e1kareyjar Lambag\u00e6ra &#8211; N\u00e1tt\u00faruleg hl\u00fdja Lambag\u00e6ra er s\u00edgilt og sj\u00e1lfb\u00e6rt efni sem, me\u00f0 r\u00e9ttri umhir\u00f0u, getur enst \u00e6vilangt. Margir hafa \u00e1tt lambag\u00e6rur sem hafa gengi\u00f0 \u00e1 milli kynsl\u00f3\u00f0a og er h\u00fan \u00fev\u00ed sannk\u00f6llu\u00f0 fj\u00e1rfesting \u00ed n\u00e1tt\u00farulegum g\u00e6\u00f0um. \u00c1 t\u00edmum \u00fear sem sj\u00e1lfb\u00e6rni, handverk og s\u00edgild h\u00f6nnun er s\u00edfellt a\u00f0 f\u00e1 meiri athygli og \u00e1huga, skarar &hellip; <\/p>\n<p class=\"link-more\"><a href=\"https:\/\/materialnord.com\/?page_id=149\" class=\"more-link\">Continue reading<span class=\"screen-reader-text\"> &#8220;Lambag\u00e6rur \/ Sheepskins&#8221;<\/span><\/a><\/p>\n","protected":false},"author":2,"featured_media":0,"parent":0,"menu_order":0,"comment_status":"closed","ping_status":"closed","template":"","meta":[],"_links":{"self":[{"href":"https:\/\/materialnord.com\/index.php?rest_route=\/wp\/v2\/pages\/149"}],"collection":[{"href":"https:\/\/materialnord.com\/index.php?rest_route=\/wp\/v2\/pages"}],"about":[{"href":"https:\/\/materialnord.com\/index.php?rest_route=\/wp\/v2\/types\/page"}],"author":[{"embeddable":true,"href":"https:\/\/materialnord.com\/index.php?rest_route=\/wp\/v2\/users\/2"}],"replies":[{"embeddable":true,"href":"https:\/\/materialnord.com\/index.php?rest_route=%2Fwp%2Fv2%2Fcomments&post=149"}],"version-history":[{"count":59,"href":"https:\/\/materialnord.com\/index.php?rest_route=\/wp\/v2\/pages\/149\/revisions"}],"predecessor-version":[{"id":553,"href":"https:\/\/materialnord.com\/index.php?rest_route=\/wp\/v2\/pages\/149\/revisions\/553"}],"wp:attachment":[{"href":"https:\/\/materialnord.com\/index.php?rest_route=%2Fwp%2Fv2%2Fmedia&parent=149"}],"curies":[{"name":"wp","href":"https:\/\/api.w.org\/{rel}","templated":true}]}}