{"id":183,"date":"2021-07-15T12:52:22","date_gmt":"2021-07-15T12:52:22","guid":{"rendered":"http:\/\/materialnord.com\/?page_id=183"},"modified":"2026-01-27T14:18:18","modified_gmt":"2026-01-27T14:18:18","slug":"wool-fabrics-products","status":"publish","type":"page","link":"https:\/\/materialnord.com\/?page_id=183","title":{"rendered":"Ullarvefna\u00f0ur \/ Wool Fabric"},"content":{"rendered":"\n<h2>L\u00d3A &#8211; N\u00fdtt upphaf \u00ed \u00edslenskum ullarvefna\u00f0i<\/h2>\n\n\n\n<p>L\u00d3A er n\u00fdtt \u00edslenskt ullarefni ofi\u00f0 \u00far 100% \u00edslenskri ull, sem sameinar hef\u00f0 og n\u00fat\u00edmalegt handverk.  L\u00f3an okkar bo\u00f0ar n\u00fdtt upphaf og einnig hl\u00fdrri t\u00edma sem er vi\u00f0eigandi fyrir efni\u00f0.<\/p>\n\n\n\n<p>\u00deetta n\u00e1tt\u00farulega ullarefni er s\u00e9rstaklega hanna\u00f0 fyrir h\u00fasg\u00f6gn sem eru \u00e6tlu\u00f0 til langvarandi og v\u00ed\u00f0t\u00e6krar notkunar, sem hentar einnig vel fyrir \u00fdmis kl\u00e6\u00f0i \u00ed fatah\u00f6nnun.<\/p>\n\n\n\n<p>L\u00d3A&nbsp;l\u00ednan er ofin \u00ed Bretlandi \u00ed samstarfi vi\u00f0&nbsp;AW<strong> <\/strong>Hainsworth, 240 \u00e1ra gamalt fj\u00f6lskyldufyrirt\u00e6ki sem ber konunglega stimpil og er vi\u00f0urkenndur birgir konungsd\u00e6misins.<\/p>\n\n\n\n<p>\u00cdslenska ullin er s\u00e9rst\u00f6k vegna \u00f6ndunareiginleika hennar og hversu temprandi h\u00fan er. Ullin b\u00fdr yfir \u00feeim eiginleikum a\u00f0 geta dregi\u00f0 \u00ed sig raka, allt a\u00f0 30% af eigin \u00feyngd. Ullin flytur \u00fev\u00ed hita og raka fr\u00e1 l\u00edkamanum og vi\u00f0heldur \u00fe\u00e6gilegu hitastigi. Ull er n\u00e1tt\u00farulega eld\u00feolin og b\u00fd\u00f0ur upp \u00e1 meiri eldvarnir en a\u00f0rar trefjar.&nbsp;<\/p>\n\n\n\n<p>L\u00d3A&nbsp;er fullkomin fyrir \u00fe\u00e1 sem kj\u00f3sa n\u00e1tt\u00farulegar, sj\u00e1lfb\u00e6rar v\u00f6rur og g\u00e6\u00f0i sem endast. Veldu&nbsp;L\u00d3A&nbsp;fyrir h\u00fasg\u00f6gn og t\u00edsku sem sameina g\u00e6\u00f0i, st\u00edl og n\u00e1tt\u00faru.<\/p>\n\n\n\n<figure class=\"wp-block-image size-large is-resized is-style-default\"><img loading=\"lazy\" src=\"http:\/\/materialnord.com\/wp-content\/uploads\/2025\/03\/IMG_3397_a-1550x1512.jpg\" alt=\"\" class=\"wp-image-288\" width=\"674\" height=\"657\" srcset=\"https:\/\/materialnord.com\/wp-content\/uploads\/2025\/03\/IMG_3397_a-1550x1512.jpg 1550w, https:\/\/materialnord.com\/wp-content\/uploads\/2025\/03\/IMG_3397_a-300x293.jpg 300w, https:\/\/materialnord.com\/wp-content\/uploads\/2025\/03\/IMG_3397_a-768x749.jpg 768w, https:\/\/materialnord.com\/wp-content\/uploads\/2025\/03\/IMG_3397_a-1536x1499.jpg 1536w, https:\/\/materialnord.com\/wp-content\/uploads\/2025\/03\/IMG_3397_a.jpg 1804w\" sizes=\"(max-width: 674px) 100vw, 674px\" \/><\/figure>\n\n\n\n<figure class=\"wp-block-gallery columns-3 is-cropped\"><ul class=\"blocks-gallery-grid\"><li class=\"blocks-gallery-item\"><figure><img loading=\"lazy\" width=\"2016\" height=\"1353\" src=\"http:\/\/materialnord.com\/wp-content\/uploads\/2025\/03\/IMG_3415_a-2016x1353.jpg\" alt=\"\" data-id=\"291\" data-full-url=\"http:\/\/materialnord.com\/wp-content\/uploads\/2025\/03\/IMG_3415_a-scaled.jpg\" data-link=\"https:\/\/materialnord.com\/?attachment_id=291\" class=\"wp-image-291\" srcset=\"https:\/\/materialnord.com\/wp-content\/uploads\/2025\/03\/IMG_3415_a-2016x1353.jpg 2016w, https:\/\/materialnord.com\/wp-content\/uploads\/2025\/03\/IMG_3415_a-300x201.jpg 300w, https:\/\/materialnord.com\/wp-content\/uploads\/2025\/03\/IMG_3415_a-768x516.jpg 768w, https:\/\/materialnord.com\/wp-content\/uploads\/2025\/03\/IMG_3415_a-1536x1031.jpg 1536w, https:\/\/materialnord.com\/wp-content\/uploads\/2025\/03\/IMG_3415_a-2048x1375.jpg 2048w\" sizes=\"(max-width: 767px) 89vw, (max-width: 1000px) 54vw, (max-width: 1071px) 543px, 580px\" \/><\/figure><\/li><li class=\"blocks-gallery-item\"><figure><img loading=\"lazy\" width=\"2016\" height=\"1331\" src=\"http:\/\/materialnord.com\/wp-content\/uploads\/2025\/03\/IMG_3410_a-2016x1331.jpg\" alt=\"\" data-id=\"290\" data-full-url=\"http:\/\/materialnord.com\/wp-content\/uploads\/2025\/03\/IMG_3410_a-scaled.jpg\" data-link=\"https:\/\/materialnord.com\/?attachment_id=290\" class=\"wp-image-290\" srcset=\"https:\/\/materialnord.com\/wp-content\/uploads\/2025\/03\/IMG_3410_a-2016x1331.jpg 2016w, https:\/\/materialnord.com\/wp-content\/uploads\/2025\/03\/IMG_3410_a-300x198.jpg 300w, https:\/\/materialnord.com\/wp-content\/uploads\/2025\/03\/IMG_3410_a-768x507.jpg 768w, https:\/\/materialnord.com\/wp-content\/uploads\/2025\/03\/IMG_3410_a-1536x1014.jpg 1536w, https:\/\/materialnord.com\/wp-content\/uploads\/2025\/03\/IMG_3410_a-2048x1352.jpg 2048w\" sizes=\"(max-width: 767px) 89vw, (max-width: 1000px) 54vw, (max-width: 1071px) 543px, 580px\" \/><\/figure><\/li><li class=\"blocks-gallery-item\"><figure><img loading=\"lazy\" width=\"1717\" height=\"1145\" src=\"http:\/\/materialnord.com\/wp-content\/uploads\/2021\/07\/IMG_0758_Vadmal_thin_1@0.5x.jpg\" alt=\"\" data-id=\"187\" data-full-url=\"http:\/\/materialnord.com\/wp-content\/uploads\/2021\/07\/IMG_0758_Vadmal_thin_1@0.5x.jpg\" data-link=\"https:\/\/materialnord.com\/?attachment_id=187\" class=\"wp-image-187\" srcset=\"https:\/\/materialnord.com\/wp-content\/uploads\/2021\/07\/IMG_0758_Vadmal_thin_1@0.5x.jpg 1717w, https:\/\/materialnord.com\/wp-content\/uploads\/2021\/07\/IMG_0758_Vadmal_thin_1@0.5x-300x200.jpg 300w, https:\/\/materialnord.com\/wp-content\/uploads\/2021\/07\/IMG_0758_Vadmal_thin_1@0.5x-768x512.jpg 768w, https:\/\/materialnord.com\/wp-content\/uploads\/2021\/07\/IMG_0758_Vadmal_thin_1@0.5x-1536x1024.jpg 1536w\" sizes=\"(max-width: 767px) 89vw, (max-width: 1000px) 54vw, (max-width: 1071px) 543px, 580px\" \/><\/figure><\/li><\/ul><\/figure>\n\n\n\n<p><\/p>\n\n\n\n<pre class=\"wp-block-verse\"><strong>L\u00d3A \u2013 A New Era of Icelandic Wool Craftsmanship<\/strong>  \n\n Introducing L\u00d3A, a new Icelandic wool fabric made from 100% Icelandic wool, blending tradition with modern craftsmanship. Our bird L\u00f3a heralds a new beginning and warmer period, symbolism perfectly suited for the fabric.  \n\n This natural wool fabric is specially designed for furniture that is intended for long-lasting and extensive use, but it also works beautifully for outerwear in fashion design.  \n The L\u00d3A collection is woven in the UK in collaboration with AW Hainsworth, a 240-year-old family-owned company that holds the royal warrant and is an official supplier to the British monarchy.  \n\n Icelandic wool is renowned for its exceptional breathability and its ability to regulate temperature. It can absorb up to <strong>30%<\/strong> of its own weight in moisture, transporting heat and moisture away from the body, maintaining a comfortable temperature. Wool is also naturally fire-resistant, offering more protection than other fibers. \n \n L\u00d3A is the perfect choice for those who value natural, sustainable products and lasting quality for furniture and fashion that combines quality, style, and nature.<\/pre>\n\n\n\n<h2>Ullin \u2013 kraftaverkatrefjar n\u00e1tt\u00farunnar<\/h2>\n\n\n\n<p>Engin ull er eins! Hver sau\u00f0ur hefur sinn einstaka feld og sinn sjarma. \u00cd meira en 1000 \u00e1r hefur \u00edslenska ve\u00f0r\u00e1ttan m\u00f3ta\u00f0 ullina \u00ed \u00f3tr\u00falega n\u00e1tt\u00farulega v\u00f6rn gegn \u00f3bl\u00ed\u00f0um a\u00f0st\u00e6\u00f0um.<\/p>\n\n\n\n<p>Ull af \u00edslensku sau\u00f0f\u00e9 skiptist \u00ed \u00feel og tog. A\u00f0eins \u00f6rf\u00e1 sau\u00f0fj\u00e1rkyn af \u00feeim hundru\u00f0um sem til eru \u00ed heiminum \u00ed dag eru me\u00f0 sl\u00edka tveggja h\u00e1ra uppbyggingu.&nbsp;<\/p>\n\n\n\n<p>\u00deel \u00edslensku ullarinnar er f\u00ednt, mj\u00fakt og \u00f3reglulega li\u00f0a\u00f0. H\u00e1rin falla \u00fev\u00ed ekki \u00fe\u00e9tt hvert a\u00f0 \u00f6\u00f0ru sem gefur ullinni fyllingu. \u00deeli\u00f0 heldur \u00ed s\u00e9r miklu lofti, hefur g\u00f3\u00f0a \u00f6ndunareiginleika, einangrar vel og er l\u00e9tt \u00ed s\u00e9r.&nbsp;<\/p>\n\n\n\n<p>Tog er lengra og gr\u00f3fara en \u00feeli\u00f0. \u00dea\u00f0 er sl\u00e9tt og vatnsfr\u00e1hrindandi. Togi\u00f0 myndar verndarhj\u00fap um \u00feeli\u00f0 og ver f\u00e9i\u00f0 fyrir vindi og ve\u00f0rum. Togh\u00e1rin gefa \u00edslensku ullinni styrk og str\u00fakt\u00far.<\/p>\n\n\n\n<p><\/p>\n\n\n\n<pre class=\"wp-block-verse\"><strong>Wool - Nature\u00b4s miracle fiber. Breathable and environmentally friendly<\/strong>\n\nWool is naturally unique from sheep to sheep and each one has their own charm. For over a 1000 years, Icelandic weather has been a key factor in developing a protective wool, a natural shelter from tough conditions.  \n\nIcelandic&nbsp;wool is divided into two main categories:&nbsp;<em>\u00deel<\/em>&nbsp;and&nbsp;<em>Tog<\/em>. The two-layer natural construction has remarkable insulation, breathability, and strength. <em>\u00deel<\/em>&nbsp;is the inner layer of the wool and has completely different properties than&nbsp;<em>Tog<\/em>.&nbsp;<em>Tog<\/em>&nbsp;is long glossy hair that is very strong, but&nbsp;<em>\u00deel<\/em>&nbsp;is fine, soft and matte.&nbsp;<em>\u00deel<\/em>&nbsp;keeps the sheep warm while&nbsp;<em>Tog<\/em>&nbsp;protects it from water.  This wool property is not common among sheep in other countries, i.e. there is little difference between the two- layers.\n\n<em>\u00deel<\/em> of Icelandic wool is fine, soft, and irregularly crimped. The fibers don\u2019t lie tightly together, giving the wool its natural loft. <em>\u00deel<\/em> traps a lot of air, provides excellent breathability, offers great insulation, and is light in weight. \n\n<em>Tog<\/em> wool is longer and coarser than <em>\u00deel<\/em>. It is smooth and water-resistant. <em>Tog<\/em> forms a protective layer around <em>\u00deel<\/em>, shielding the sheep from wind and weather. <em>Tog<\/em> fibers give Icelandic wool strength and structure.<\/pre>\n\n\n\n<h2>Vottanir<\/h2>\n\n\n\n<p>Ullarbirgi okkar, \u00cdstex, selur h\u00e1g\u00e6\u00f0a \u00edslenska ull fyrir vi\u00f0skiptavini sem velja n\u00e1tt\u00farulegan, sj\u00e1lfb\u00e6ran og umhverfisv\u00e6nan l\u00edfsst\u00edl. \u00cdslenskir b\u00e6ndur hafa sterk \u00e1str\u00ed\u00f0u fyrir velfer\u00f0 d\u00fdra og umhverfisv\u00e6num framkv\u00e6mdum.<\/p>\n\n\n\n<p>Ull \u00cdstex er votta\u00f0 samkv\u00e6mt OEKO-TEX Standard 100 og hefur Woolmark vottun.<\/p>\n\n\n\n<pre class=\"wp-block-verse\"><strong>Wool Certifications<\/strong>\n\nOur supplier \u00cdstex is commited to offer high quality Icelandic wool to customers that choose natural, sustainable and eco-friendly living.&nbsp;&nbsp;Icelandic farming has a strong dedication to animal welfare and environmentally friendly practices.\n\n\u00cdstex wool is OEKO-TEX Standard 100 certified and holds Woolmark certification.&nbsp;<\/pre>\n\n\n\n<figure class=\"wp-block-image is-resized\"><img loading=\"lazy\" src=\"http:\/\/materialnord.com\/wp-content\/uploads\/2021\/06\/Screenshot-2021-06-24-at-12.34.02-1.png\" alt=\"\" class=\"wp-image-141\" width=\"188\" height=\"114\" srcset=\"https:\/\/materialnord.com\/wp-content\/uploads\/2021\/06\/Screenshot-2021-06-24-at-12.34.02-1.png 375w, https:\/\/materialnord.com\/wp-content\/uploads\/2021\/06\/Screenshot-2021-06-24-at-12.34.02-1-300x182.png 300w\" sizes=\"(max-width: 188px) 100vw, 188px\" \/><\/figure>\n\n\n\n<figure class=\"wp-block-image is-resized\"><img loading=\"lazy\" src=\"http:\/\/materialnord.com\/wp-content\/uploads\/2021\/06\/Screenshot-2021-06-24-at-12.33.45-3.png\" alt=\"\" class=\"wp-image-145\" width=\"169\" height=\"150\" srcset=\"https:\/\/materialnord.com\/wp-content\/uploads\/2021\/06\/Screenshot-2021-06-24-at-12.33.45-3.png 337w, https:\/\/materialnord.com\/wp-content\/uploads\/2021\/06\/Screenshot-2021-06-24-at-12.33.45-3-300x267.png 300w\" sizes=\"(max-width: 169px) 100vw, 169px\" \/><\/figure>\n\n\n\n<p><\/p>\n\n\n\n<h2>L\u00d3A ullarefni &#8211; Factsheet<\/h2>\n\n\n\n<p><strong><em>Composition:<\/em><\/strong>   100% \u00edslensk ull<\/p>\n\n\n\n<p><strong><em>Weave:<\/em><\/strong>  Plain<\/p>\n\n\n\n<p><strong><em>Weight:<\/em><\/strong>   440 gr\/m<sup>2<\/sup> \u00b15%<\/p>\n\n\n\n<p><strong><em>Width:<\/em><\/strong>   148 \u00b1 3cm<\/p>\n\n\n\n<p><strong><em>Pilling:<\/em><\/strong>   3 (ISO 1-5)<\/p>\n\n\n\n<p class=\"has-small-font-size\" style=\"line-height:1.4\"><em>BS EN ISO 12945<\/em>: <em>Pilling is the term used to indicate whether small balls of fibres, known as<\/em> <em>pills, form on the surface of the fabric due to wear.<\/em> <em>It is evaluated on a scale from 5 (best) to 1 (worst).<\/em><\/p>\n\n\n\n<p><strong><em>Durability:<\/em><\/strong>  \u226570,000 Martindale cycles<\/p>\n\n\n\n<p class=\"has-small-font-size\" style=\"line-height:1.4\"><em>BS EN ISO 12947-2<\/em>:  <em>The Martindale method is the most widely used method for testing upholsteries<\/em> <em>for abrasion resistance. During testing the fabric is rubbed against a standard<\/em> <em>wool textile with a given weight-load applied. Running at intervals of 5.000 circular<\/em> <em>rubbing motions, the test continues until two threads are worn.<\/em>  <br><em>Minimum requirements<\/em>: <br><em>Private and low traffic public areas: 10.000 \u2013 15.000 rubs<\/em><br><em>High traffic private and office spaces: 15.000 \u2013 25.000 rubs<\/em><br><em>Public spaces and transportation: 25.000 \u2013 45.000 rubs<\/em><br><em>Durability test results exceeding ACT performance guidelines (&gt; 40,000 rubs) are<\/em> <em>not an indicator of product lifespan. Multiple factors affect durability and appearance retention.<\/em><\/p>\n\n\n\n<p><strong><em>Fastness to Rubbing:<\/em><\/strong>  Wet: 4, Dry: 4 &#8211; Both Warp and Weft<\/p>\n\n\n\n<p class=\"has-small-font-size\" style=\"line-height:1.4\"><em>BS EN ISO 105X 12: 2016<\/em>:  <em>The term for determining the resistance of the textile\u2019s colour to rubbing off and staining<\/em> <em>other materials. A distinction is made between wet and dry rubbing.<\/em>  <em>It is evaluated on a scale from 5 (best) to 1 (worst).<\/em><\/p>\n\n\n\n<p><strong><em>Care:<\/em><\/strong> Dry clean only<\/p>\n\n\n\n<p><strong><em>Colours: <\/em><\/strong> <br>Grant Beige Melange<br>Ligth Grey Melange<br>Mid Grey Melange<br>Navy Melange<br>Dark Green Melange<br>Black<\/p>\n\n\n\n<p><strong><em>Manufacturer: <\/em><\/strong>  AW Hainsworth, United Kingdom<\/p>\n\n\n\n<p class=\"has-small-font-size\" style=\"line-height:1.4\"><em>Quality in Textiles since 1783<\/em><br>A specialist textile company, AW Hainsworth has been weaving British heritage for over 230 years including cloth for apparel, costume and interiors. It is the woollen mill responsible for the look of iconic England all the way back to the scarlet uniforms of the battle of Waterloo. Hainsworth integrates the traditional qualities of craftsmanship with cutting edge innovation and product development to meet the needs of a growing and diverse global customer base.<br>Royal Warrant Holder<br><em>Royal warrants of appointment have been issued since the 15th century to those who supply goods or services to a royal court.<\/em><\/p>\n\n\n\n<p>Framleitt \u00e1 umhverfisv\u00e6nan h\u00e1tt me\u00f0 l\u00e1gt kolefnisspor<br>Uppfyllir&nbsp;<strong>REACH&nbsp;<\/strong>regluger\u00f0ir<\/p>\n","protected":false},"excerpt":{"rendered":"<p>L\u00d3A &#8211; N\u00fdtt upphaf \u00ed \u00edslenskum ullarvefna\u00f0i L\u00d3A er n\u00fdtt \u00edslenskt ullarefni ofi\u00f0 \u00far 100% \u00edslenskri ull, sem sameinar hef\u00f0 og n\u00fat\u00edmalegt handverk. L\u00f3an okkar bo\u00f0ar n\u00fdtt upphaf og einnig hl\u00fdrri t\u00edma sem er vi\u00f0eigandi fyrir efni\u00f0. \u00deetta n\u00e1tt\u00farulega ullarefni er s\u00e9rstaklega hanna\u00f0 fyrir h\u00fasg\u00f6gn sem eru \u00e6tlu\u00f0 til langvarandi og v\u00ed\u00f0t\u00e6krar notkunar, sem hentar &hellip; <\/p>\n<p class=\"link-more\"><a href=\"https:\/\/materialnord.com\/?page_id=183\" class=\"more-link\">Continue reading<span class=\"screen-reader-text\"> &#8220;Ullarvefna\u00f0ur \/ Wool Fabric&#8221;<\/span><\/a><\/p>\n","protected":false},"author":2,"featured_media":0,"parent":0,"menu_order":0,"comment_status":"closed","ping_status":"closed","template":"","meta":[],"_links":{"self":[{"href":"https:\/\/materialnord.com\/index.php?rest_route=\/wp\/v2\/pages\/183"}],"collection":[{"href":"https:\/\/materialnord.com\/index.php?rest_route=\/wp\/v2\/pages"}],"about":[{"href":"https:\/\/materialnord.com\/index.php?rest_route=\/wp\/v2\/types\/page"}],"author":[{"embeddable":true,"href":"https:\/\/materialnord.com\/index.php?rest_route=\/wp\/v2\/users\/2"}],"replies":[{"embeddable":true,"href":"https:\/\/materialnord.com\/index.php?rest_route=%2Fwp%2Fv2%2Fcomments&post=183"}],"version-history":[{"count":52,"href":"https:\/\/materialnord.com\/index.php?rest_route=\/wp\/v2\/pages\/183\/revisions"}],"predecessor-version":[{"id":548,"href":"https:\/\/materialnord.com\/index.php?rest_route=\/wp\/v2\/pages\/183\/revisions\/548"}],"wp:attachment":[{"href":"https:\/\/materialnord.com\/index.php?rest_route=%2Fwp%2Fv2%2Fmedia&parent=183"}],"curies":[{"name":"wp","href":"https:\/\/api.w.org\/{rel}","templated":true}]}}