{"id":250,"date":"2021-07-15T12:56:35","date_gmt":"2021-07-15T12:56:35","guid":{"rendered":"http:\/\/materialnord.com\/?page_id=250"},"modified":"2026-01-27T14:16:35","modified_gmt":"2026-01-27T14:16:35","slug":"products","status":"publish","type":"page","link":"https:\/\/materialnord.com\/?page_id=250","title":{"rendered":"V\u00f6rur \/ Products"},"content":{"rendered":"\n<p><a href=\"https:\/\/materialnord.com\/?page_id=183\">L\u00d3A wool fabric <\/a><\/p>\n\n\n\n<figure class=\"wp-block-image size-thumbnail\"><img loading=\"lazy\" width=\"150\" height=\"150\" src=\"https:\/\/materialnord.com\/wp-content\/uploads\/2025\/03\/IMG_3415_a-150x150.jpg\" alt=\"\" class=\"wp-image-291\" srcset=\"https:\/\/materialnord.com\/wp-content\/uploads\/2025\/03\/IMG_3415_a-150x150.jpg 150w, https:\/\/materialnord.com\/wp-content\/uploads\/2025\/03\/IMG_3415_a-100x100.jpg 100w\" sizes=\"(max-width: 150px) 100vw, 150px\" \/><\/figure>\n\n\n\n<p><a href=\"https:\/\/materialnord.com\/?page_id=308\">Br\u00e1karey Lamb leather<\/a><\/p>\n\n\n\n<figure class=\"wp-block-image size-thumbnail\"><img loading=\"lazy\" width=\"150\" height=\"150\" src=\"https:\/\/materialnord.com\/wp-content\/uploads\/2021\/07\/IMG_0725_Lambleather_black_3@0.5x-150x150.jpg\" alt=\"Br\u00e1karey Icelandic lamb leather\" class=\"wp-image-282\" srcset=\"https:\/\/materialnord.com\/wp-content\/uploads\/2021\/07\/IMG_0725_Lambleather_black_3@0.5x-150x150.jpg 150w, https:\/\/materialnord.com\/wp-content\/uploads\/2021\/07\/IMG_0725_Lambleather_black_3@0.5x-100x100.jpg 100w\" sizes=\"(max-width: 150px) 100vw, 150px\" \/><\/figure>\n\n\n\n<p><a href=\"https:\/\/materialnord.com\/?page_id=149\">Br\u00e1karey Sheepskin<\/a><\/p>\n\n\n\n<figure class=\"wp-block-image size-thumbnail\"><img loading=\"lazy\" width=\"150\" height=\"150\" src=\"https:\/\/materialnord.com\/wp-content\/uploads\/2021\/07\/IMG_1450_Sheepskin_Closeup_7@0.5x-150x150.jpg\" alt=\"Br\u00e1karey Icelandic sheepskin\" class=\"wp-image-151\" srcset=\"https:\/\/materialnord.com\/wp-content\/uploads\/2021\/07\/IMG_1450_Sheepskin_Closeup_7@0.5x-150x150.jpg 150w, https:\/\/materialnord.com\/wp-content\/uploads\/2021\/07\/IMG_1450_Sheepskin_Closeup_7@0.5x-100x100.jpg 100w\" sizes=\"(max-width: 150px) 100vw, 150px\" \/><\/figure>\n","protected":false},"excerpt":{"rendered":"<p>L\u00d3A wool fabric Br\u00e1karey Lamb leather Br\u00e1karey Sheepskin<\/p>\n","protected":false},"author":2,"featured_media":0,"parent":0,"menu_order":0,"comment_status":"closed","ping_status":"closed","template":"","meta":[],"_links":{"self":[{"href":"https:\/\/materialnord.com\/index.php?rest_route=\/wp\/v2\/pages\/250"}],"collection":[{"href":"https:\/\/materialnord.com\/index.php?rest_route=\/wp\/v2\/pages"}],"about":[{"href":"https:\/\/materialnord.com\/index.php?rest_route=\/wp\/v2\/types\/page"}],"author":[{"embeddable":true,"href":"https:\/\/materialnord.com\/index.php?rest_route=\/wp\/v2\/users\/2"}],"replies":[{"embeddable":true,"href":"https:\/\/materialnord.com\/index.php?rest_route=%2Fwp%2Fv2%2Fcomments&post=250"}],"version-history":[{"count":9,"href":"https:\/\/materialnord.com\/index.php?rest_route=\/wp\/v2\/pages\/250\/revisions"}],"predecessor-version":[{"id":547,"href":"https:\/\/materialnord.com\/index.php?rest_route=\/wp\/v2\/pages\/250\/revisions\/547"}],"wp:attachment":[{"href":"https:\/\/materialnord.com\/index.php?rest_route=%2Fwp%2Fv2%2Fmedia&parent=250"}],"curies":[{"name":"wp","href":"https:\/\/api.w.org\/{rel}","templated":true}]}}