{"id":308,"date":"2025-03-24T14:48:25","date_gmt":"2025-03-24T14:48:25","guid":{"rendered":"https:\/\/materialnord.com\/?page_id=308"},"modified":"2026-01-27T14:21:55","modified_gmt":"2026-01-27T14:21:55","slug":"lamb-leather","status":"publish","type":"page","link":"https:\/\/materialnord.com\/?page_id=308","title":{"rendered":"Lambale\u00f0ur \/ Lamb leather"},"content":{"rendered":"\n<figure class=\"wp-block-image size-large\"><img loading=\"lazy\" width=\"1794\" height=\"1196\" src=\"http:\/\/materialnord.com\/wp-content\/uploads\/2021\/07\/IMG_0713_Lambleather_black_1@0.5x.jpg\" alt=\"Br\u00e1karey Icelandic lamb leather\" class=\"wp-image-166\" srcset=\"https:\/\/materialnord.com\/wp-content\/uploads\/2021\/07\/IMG_0713_Lambleather_black_1@0.5x.jpg 1794w, https:\/\/materialnord.com\/wp-content\/uploads\/2021\/07\/IMG_0713_Lambleather_black_1@0.5x-300x200.jpg 300w, https:\/\/materialnord.com\/wp-content\/uploads\/2021\/07\/IMG_0713_Lambleather_black_1@0.5x-768x512.jpg 768w, https:\/\/materialnord.com\/wp-content\/uploads\/2021\/07\/IMG_0713_Lambleather_black_1@0.5x-1536x1024.jpg 1536w\" sizes=\"(max-width: 767px) 89vw, (max-width: 1000px) 54vw, (max-width: 1071px) 543px, 580px\" \/><\/figure>\n\n\n\n<p>Le\u00f0ur er efni sem margir elska fyrir sveigjanleika \u00feess og endingu.  Alv\u00f6ru le\u00f0ur er hreint n\u00e1tt\u00farulegt efni \u2013 og l\u00edkt og vi\u00f0ur \u2013 eru engin tv\u00f6 skinn eins. \u00datlit og eiginleikar le\u00f0ursins eru breytilegir eftir \u00fev\u00ed fr\u00e1 hva\u00f0a hluta d\u00fdrsins le\u00f0ri\u00f0 kemur og hva\u00f0a me\u00f0fer\u00f0 \u00fea\u00f0 hefur fengi\u00f0.<\/p>\n\n\n\n<p>materialNord b\u00fd\u00f0ur upp \u00e1 h\u00e1g\u00e6\u00f0a, handunni\u00f0 \u00edslenskt lambale\u00f0ur fr\u00e1 Br\u00e1karey, litlu fyrirt\u00e6ki \u00ed eigu \u00feriggja b\u00e6nda \u00e1 Vesturlandi. <\/p>\n\n\n\n<p><\/p>\n\n\n\n<p>Lambale\u00f0ri\u00f0 fr\u00e1 Br\u00e1karey er s\u00fata\u00f0 \u00ed Sv\u00ed\u00fej\u00f3\u00f0 me\u00f0 vistv\u00e6nni a\u00f0fer\u00f0 sem uppfyllir str\u00f6ngustu umhverfiskr\u00f6fur. S\u00fatunarverksmi\u00f0jur \u00ed Sv\u00ed\u00fej\u00f3\u00f0 eru s\u00e6ta reglulega eftirliti sem tryggir \u00feannig a\u00f0 vinnslan fari fram me\u00f0 \u00f6ruggum og sj\u00e1lfb\u00e6rum h\u00e6tti. Lambale\u00f0ri\u00f0 er verka\u00f0 me\u00f0 n\u00e1tt\u00farulegri s\u00fatun, sem er umhverfisv\u00e6nasta s\u00fatunara\u00f0fer\u00f0in sem v\u00f6l er \u00e1. \u00dea\u00f0 \u00fe\u00fd\u00f0ir a\u00f0 skinni\u00f0 er me\u00f0h\u00f6ndla\u00f0 me\u00f0 efnum \u00far jurtar\u00edkinu, sem gerir \u00fea\u00f0 algj\u00f6rlega laust vi\u00f0 ska\u00f0leg efni. \u00deessi n\u00e1tt\u00farulega vinnsla tryggir a\u00f0 le\u00f0ri\u00f0 er b\u00e6\u00f0i \u00f6ruggt fyrir n\u00e1tt\u00faruna, sem og \u00fe\u00e1 sem vinna me\u00f0 \u00fea\u00f0 og kl\u00e6\u00f0ast \u00fev\u00ed.<\/p>\n\n\n\n<p>Lambale\u00f0ri\u00f0 okkar er s\u00e9rstaklega mj\u00fakt og eru fj\u00f3rir litir eru \u00ed bo\u00f0i; svart, br\u00fant, d\u00f6kkbr\u00fant og gr\u00e1tt.<\/p>\n\n\n\n<figure class=\"wp-block-gallery columns-3 is-cropped\"><ul class=\"blocks-gallery-grid\"><li class=\"blocks-gallery-item\"><figure><img loading=\"lazy\" width=\"1622\" height=\"1081\" src=\"http:\/\/materialnord.com\/wp-content\/uploads\/2021\/07\/IMG_0715_Lambleather_black_2@0.5x.jpg\" alt=\"Br\u00e1karey Icelandic lamb leather\" data-id=\"152\" data-full-url=\"http:\/\/materialnord.com\/wp-content\/uploads\/2021\/07\/IMG_0715_Lambleather_black_2@0.5x.jpg\" data-link=\"https:\/\/materialnord.com\/?attachment_id=152\" class=\"wp-image-152\" srcset=\"https:\/\/materialnord.com\/wp-content\/uploads\/2021\/07\/IMG_0715_Lambleather_black_2@0.5x.jpg 1622w, https:\/\/materialnord.com\/wp-content\/uploads\/2021\/07\/IMG_0715_Lambleather_black_2@0.5x-300x200.jpg 300w, https:\/\/materialnord.com\/wp-content\/uploads\/2021\/07\/IMG_0715_Lambleather_black_2@0.5x-768x512.jpg 768w, https:\/\/materialnord.com\/wp-content\/uploads\/2021\/07\/IMG_0715_Lambleather_black_2@0.5x-1536x1024.jpg 1536w\" sizes=\"(max-width: 767px) 89vw, (max-width: 1000px) 54vw, (max-width: 1071px) 543px, 580px\" \/><\/figure><\/li><li class=\"blocks-gallery-item\"><figure><img loading=\"lazy\" width=\"1912\" height=\"1275\" src=\"http:\/\/materialnord.com\/wp-content\/uploads\/2021\/07\/IMG_1124_Lambleather_mix_1@0.5x.jpg\" alt=\"Br\u00e1karey Icelandic lamb leather\" data-id=\"167\" data-full-url=\"http:\/\/materialnord.com\/wp-content\/uploads\/2021\/07\/IMG_1124_Lambleather_mix_1@0.5x.jpg\" data-link=\"https:\/\/materialnord.com\/?attachment_id=167\" class=\"wp-image-167\" srcset=\"https:\/\/materialnord.com\/wp-content\/uploads\/2021\/07\/IMG_1124_Lambleather_mix_1@0.5x.jpg 1912w, https:\/\/materialnord.com\/wp-content\/uploads\/2021\/07\/IMG_1124_Lambleather_mix_1@0.5x-300x200.jpg 300w, https:\/\/materialnord.com\/wp-content\/uploads\/2021\/07\/IMG_1124_Lambleather_mix_1@0.5x-768x512.jpg 768w, https:\/\/materialnord.com\/wp-content\/uploads\/2021\/07\/IMG_1124_Lambleather_mix_1@0.5x-1536x1024.jpg 1536w\" sizes=\"(max-width: 767px) 89vw, (max-width: 1000px) 54vw, (max-width: 1071px) 543px, 580px\" \/><\/figure><\/li><li class=\"blocks-gallery-item\"><figure><img loading=\"lazy\" width=\"2016\" height=\"1344\" src=\"http:\/\/materialnord.com\/wp-content\/uploads\/2021\/07\/IMG_1130_Lambleather_mix_2@0.5x-2016x1344.jpg\" alt=\"Br\u00e1karey Icelandic lamb leather\" data-id=\"168\" data-full-url=\"http:\/\/materialnord.com\/wp-content\/uploads\/2021\/07\/IMG_1130_Lambleather_mix_2@0.5x.jpg\" data-link=\"https:\/\/materialnord.com\/?attachment_id=168\" class=\"wp-image-168\" srcset=\"https:\/\/materialnord.com\/wp-content\/uploads\/2021\/07\/IMG_1130_Lambleather_mix_2@0.5x-2016x1344.jpg 2016w, https:\/\/materialnord.com\/wp-content\/uploads\/2021\/07\/IMG_1130_Lambleather_mix_2@0.5x-300x200.jpg 300w, https:\/\/materialnord.com\/wp-content\/uploads\/2021\/07\/IMG_1130_Lambleather_mix_2@0.5x-768x512.jpg 768w, https:\/\/materialnord.com\/wp-content\/uploads\/2021\/07\/IMG_1130_Lambleather_mix_2@0.5x-1536x1024.jpg 1536w, https:\/\/materialnord.com\/wp-content\/uploads\/2021\/07\/IMG_1130_Lambleather_mix_2@0.5x-2048x1366.jpg 2048w\" sizes=\"(max-width: 767px) 89vw, (max-width: 1000px) 54vw, (max-width: 1071px) 543px, 580px\" \/><\/figure><\/li><\/ul><\/figure>\n\n\n\n<p><\/p>\n\n\n\n<p>Annmarki \u00ed le\u00f0ri (sem eru ekki gallar heldur hluti af n\u00e1tt\u00farulegum eiginleikum \u00feess) geta veri\u00f0:<\/p>\n\n\n\n<ul><li><em>\u00d6r<\/em> sem myndast vegna skr\u00e1ma e\u00f0a skur\u00f0a, t.d. fr\u00e1 greinum, \u00feyrnum e\u00f0a gaddav\u00edr. Ef s\u00e1ri\u00f0 hefur gr\u00f3i\u00f0, hefur \u00fea\u00f0 engin \u00e1hrif \u00e1 eiginleika le\u00f0ursins.<\/li><li><em>Hrukkur e\u00f0a fellingar<\/em> \u00ed h\u00fa\u00f0inni eru mismunandi milli d\u00fdra. \u00deessar hrukkur koma fram vi\u00f0 vinnslu le\u00f0ursins og eru \u00f3yggjandi s\u00f6nnun \u00feess a\u00f0 um n\u00e1tt\u00farulegt efni er a\u00f0 r\u00e6\u00f0a.<\/li><li><em>\u00datbrot<\/em>, t.d. vegna \u00e1bur\u00f0arnotkunar, geta komi\u00f0 fram \u00e1 le\u00f0rinu.<\/li><li><em>Meind\u00fdr<\/em>, svo sem m\u00edtlar og ma\u00f0kaflugur, geta skili\u00f0 eftir merki \u00e1 h\u00fa\u00f0inni.<\/li><\/ul>\n\n\n\n<p>\u00cdslenskir b\u00e6ndur nota ekki gaddav\u00edr og \u00e1bur\u00f0arnotkun er \u00ed l\u00e1gmarki. Meind\u00fdr eru sjaldg\u00e6f \u00ed \u00edslenskum b\u00faf\u00e9na\u00f0i \u00fear sem n\u00e1tt\u00faran h\u00e9rlendis hefur a\u00f0 mestu veri\u00f0 laus vi\u00f0 m\u00edtla og ma\u00f0kaflugur. \u00dev\u00ed eru \u00edslenskar h\u00fa\u00f0ir mun l\u00edklegri til a\u00f0 vera lausar vi\u00f0 \u00feessa annmarka.<\/p>\n\n\n\n<p><\/p>\n\n\n\n<p><\/p>\n\n\n\n<figure class=\"wp-block-image size-large\"><img loading=\"lazy\" width=\"2016\" height=\"1512\" src=\"http:\/\/materialnord.com\/wp-content\/uploads\/2021\/06\/DSF1113@0.5x-2016x1512.jpg\" alt=\"Photo Sigurgeir Sigurj\u00f3nsson\" class=\"wp-image-85\" srcset=\"https:\/\/materialnord.com\/wp-content\/uploads\/2021\/06\/DSF1113@0.5x-2016x1512.jpg 2016w, https:\/\/materialnord.com\/wp-content\/uploads\/2021\/06\/DSF1113@0.5x-300x225.jpg 300w, https:\/\/materialnord.com\/wp-content\/uploads\/2021\/06\/DSF1113@0.5x-768x576.jpg 768w, https:\/\/materialnord.com\/wp-content\/uploads\/2021\/06\/DSF1113@0.5x-1536x1152.jpg 1536w, https:\/\/materialnord.com\/wp-content\/uploads\/2021\/06\/DSF1113@0.5x-2048x1536.jpg 2048w\" sizes=\"(max-width: 767px) 89vw, (max-width: 1000px) 54vw, (max-width: 1071px) 543px, 580px\" \/><figcaption>Design by Studio Granda | Photo Sigurgeir Sigurj\u00f3nsson<\/figcaption><\/figure>\n\n\n\n<pre class=\"wp-block-verse\"><strong>Lamb-leather from Br\u00e1karey - Delightfully soft<\/strong>\n\nLeather is a material loved by many for its flexibility and durability. Real leather is a pure natural product and is therefore like wood; no two pieces are alike. The appearance and properties of the leather vary depending on from which part of the animal the leather is and what treatment it has received.&nbsp;\n\nmaterialNord offers premium, farm-crafted Icelandic lamb-leather sourced from <a href=\"https:\/\/materialnord.com\/?page_id=175\">Br\u00e1karey<\/a>, a small company owned by three dedicated farmers on the West coast of Iceland. The lamb-leather is tanned in Sweden using an eco-friendly process. Tanneries in Sweden are continually monitored for compliance with the strict environmental requirements and give therefore the security of a guarantee that the skin has been processed in a safe way. Br\u00e1karey lamb leather goes through the most environment-friendly tanning method \u2013 natural tanning. This means the skin is treated with materials from the plant kingdom and is therefore never a danger to nature, to those who work with the skin, or to those who wear it. \n\nLeather imperfections (which is not a defect but a property of nature) can be: Scars, resulting from scratches or cuts, e.g. from branches, thorns or barbed wire. If the wound has healed, this does not affect the properties of the leather. Wrinkles or folds of skin can vary between animals. Such wrinkles can be seen in the processing of the leather and show unmistakably that we have a natural product in hand. Rash, e.g. caused by fertilizers may appear on the dermis. Infestations, such as ticks and warble flies.\n\nIcelandic farmers do not use barbed wire and use of fertilizers are minimum. Infestations are rare in Icelandic livestock as the country\u00b4s nature has been mostly free of ticks and warble flies. Their skins are therefore much more likely to be free of defects like these.\n\nBr\u00e1karey lamb-leather comes in four colors; rustic brown, dark brown, grey and black.\n<\/pre>\n\n\n\n<figure class=\"wp-block-image size-large\"><img loading=\"lazy\" width=\"974\" height=\"974\" src=\"http:\/\/materialnord.com\/wp-content\/uploads\/2025\/04\/IMG_2342_aba.png\" alt=\"\" class=\"wp-image-536\" srcset=\"https:\/\/materialnord.com\/wp-content\/uploads\/2025\/04\/IMG_2342_aba.png 974w, https:\/\/materialnord.com\/wp-content\/uploads\/2025\/04\/IMG_2342_aba-300x300.png 300w, https:\/\/materialnord.com\/wp-content\/uploads\/2025\/04\/IMG_2342_aba-150x150.png 150w, https:\/\/materialnord.com\/wp-content\/uploads\/2025\/04\/IMG_2342_aba-768x768.png 768w, https:\/\/materialnord.com\/wp-content\/uploads\/2025\/04\/IMG_2342_aba-100x100.png 100w\" sizes=\"(max-width: 767px) 89vw, (max-width: 1000px) 54vw, (max-width: 1071px) 543px, 580px\" \/><figcaption>Herd prototype by Nord Collective<\/figcaption><\/figure>\n","protected":false},"excerpt":{"rendered":"<p>Le\u00f0ur er efni sem margir elska fyrir sveigjanleika \u00feess og endingu. Alv\u00f6ru le\u00f0ur er hreint n\u00e1tt\u00farulegt efni \u2013 og l\u00edkt og vi\u00f0ur \u2013 eru engin tv\u00f6 skinn eins. \u00datlit og eiginleikar le\u00f0ursins eru breytilegir eftir \u00fev\u00ed fr\u00e1 hva\u00f0a hluta d\u00fdrsins le\u00f0ri\u00f0 kemur og hva\u00f0a me\u00f0fer\u00f0 \u00fea\u00f0 hefur fengi\u00f0. materialNord b\u00fd\u00f0ur upp \u00e1 h\u00e1g\u00e6\u00f0a, handunni\u00f0 \u00edslenskt &hellip; <\/p>\n<p class=\"link-more\"><a href=\"https:\/\/materialnord.com\/?page_id=308\" class=\"more-link\">Continue reading<span class=\"screen-reader-text\"> &#8220;Lambale\u00f0ur \/ Lamb leather&#8221;<\/span><\/a><\/p>\n","protected":false},"author":2,"featured_media":0,"parent":0,"menu_order":0,"comment_status":"closed","ping_status":"closed","template":"","meta":[],"_links":{"self":[{"href":"https:\/\/materialnord.com\/index.php?rest_route=\/wp\/v2\/pages\/308"}],"collection":[{"href":"https:\/\/materialnord.com\/index.php?rest_route=\/wp\/v2\/pages"}],"about":[{"href":"https:\/\/materialnord.com\/index.php?rest_route=\/wp\/v2\/types\/page"}],"author":[{"embeddable":true,"href":"https:\/\/materialnord.com\/index.php?rest_route=\/wp\/v2\/users\/2"}],"replies":[{"embeddable":true,"href":"https:\/\/materialnord.com\/index.php?rest_route=%2Fwp%2Fv2%2Fcomments&post=308"}],"version-history":[{"count":25,"href":"https:\/\/materialnord.com\/index.php?rest_route=\/wp\/v2\/pages\/308\/revisions"}],"predecessor-version":[{"id":554,"href":"https:\/\/materialnord.com\/index.php?rest_route=\/wp\/v2\/pages\/308\/revisions\/554"}],"wp:attachment":[{"href":"https:\/\/materialnord.com\/index.php?rest_route=%2Fwp%2Fv2%2Fmedia&parent=308"}],"curies":[{"name":"wp","href":"https:\/\/api.w.org\/{rel}","templated":true}]}}