{"id":589,"date":"2026-02-02T15:27:22","date_gmt":"2026-02-02T15:27:22","guid":{"rendered":"https:\/\/materialnord.com\/?page_id=589"},"modified":"2026-03-25T12:03:27","modified_gmt":"2026-03-25T12:03:27","slug":"soluadilar-stockists","status":"publish","type":"page","link":"https:\/\/materialnord.com\/?page_id=589","title":{"rendered":"S\u00f6lua\u00f0ilar \/ Stockists"},"content":{"rendered":"\n<h2>Verslun \/ Store<\/h2>\n\n\n\n<p><a href=\"https:\/\/www.epal.is\">Epal<\/a> \u00ed Skeifunni &#8211; Skeifan 6, 108 Reykjav\u00edk<\/p>\n\n\n\n<p><\/p>\n\n\n\n<h2>Framlei\u00f0endur \/ Makers<\/h2>\n\n\n\n<p><a href=\"https:\/\/agustav.is\">AGUSTAV<\/a> &#8211; \u00edslensk h\u00fasg\u00f6gn og h\u00f6nnun <\/p>\n\n\n\n<p><a href=\"https:\/\/ag.is\">\u00c1. Gu\u00f0mundsson<\/a> &#8211; B\u00e6jarlind 8-10, 201 K\u00f3pavogur<\/p>\n\n\n\n<p><a href=\"https:\/\/gahusgogn.is\">G.\u00c1. H\u00fasg\u00f6gn<\/a> &#8211; \u00c1rm\u00fali 19, 108 Reykjav\u00edk<\/p>\n\n\n\n<p><a href=\"https:\/\/www.bolstrarinn.is\">B\u00f3lstrarinn<\/a> &#8211; &nbsp;Langholtsvegur 82, 104 Reykjav\u00edk<\/p>\n\n\n\n<p><a href=\"https:\/\/bolstursmidjan.is\">B\u00f3lstursmi\u00f0jan<\/a> &#8211; S\u00ed\u00f0um\u00fali 33, 108 Reykjav\u00edk<\/p>\n\n\n\n<p><a href=\"https:\/\/www.bolstrunheidu.is\">B\u00f3lstrun Hei\u00f0u<\/a> &#8211; K\u00e1rsnesbraut 114, 200 K\u00f3pavogur<\/p>\n\n\n\n<p><a href=\"https:\/\/www.facebook.com\/p\/B\u00f3lstrun-\u00de\u00f3rh\u00f6llu-100087628664316\/\">B\u00f3lstrun \u00de\u00f3rh\u00f6llu<\/a> &#8211; Smi\u00f0juvegur 6 (rau\u00f0 gata), 200 K\u00f3pavogur<\/p>\n\n\n\n<p><a href=\"https:\/\/www.sigurrosbolstrari.is\">Sigurr\u00f3s B\u00f3lstrari<\/a> &#8211; Vesturgata 55, 101 Reykjav\u00edk<\/p>\n","protected":false},"excerpt":{"rendered":"<p>Verslun \/ Store Epal \u00ed Skeifunni &#8211; Skeifan 6, 108 Reykjav\u00edk Framlei\u00f0endur \/ Makers AGUSTAV &#8211; \u00edslensk h\u00fasg\u00f6gn og h\u00f6nnun \u00c1. Gu\u00f0mundsson &#8211; B\u00e6jarlind 8-10, 201 K\u00f3pavogur G.\u00c1. H\u00fasg\u00f6gn &#8211; \u00c1rm\u00fali 19, 108 Reykjav\u00edk B\u00f3lstrarinn &#8211; &nbsp;Langholtsvegur 82, 104 Reykjav\u00edk B\u00f3lstursmi\u00f0jan &#8211; S\u00ed\u00f0um\u00fali 33, 108 Reykjav\u00edk B\u00f3lstrun Hei\u00f0u &#8211; K\u00e1rsnesbraut 114, 200 K\u00f3pavogur B\u00f3lstrun \u00de\u00f3rh\u00f6llu &hellip; <\/p>\n<p class=\"link-more\"><a href=\"https:\/\/materialnord.com\/?page_id=589\" class=\"more-link\">Continue reading<span class=\"screen-reader-text\"> &#8220;S\u00f6lua\u00f0ilar \/ Stockists&#8221;<\/span><\/a><\/p>\n","protected":false},"author":2,"featured_media":0,"parent":0,"menu_order":0,"comment_status":"closed","ping_status":"closed","template":"","meta":[],"_links":{"self":[{"href":"https:\/\/materialnord.com\/index.php?rest_route=\/wp\/v2\/pages\/589"}],"collection":[{"href":"https:\/\/materialnord.com\/index.php?rest_route=\/wp\/v2\/pages"}],"about":[{"href":"https:\/\/materialnord.com\/index.php?rest_route=\/wp\/v2\/types\/page"}],"author":[{"embeddable":true,"href":"https:\/\/materialnord.com\/index.php?rest_route=\/wp\/v2\/users\/2"}],"replies":[{"embeddable":true,"href":"https:\/\/materialnord.com\/index.php?rest_route=%2Fwp%2Fv2%2Fcomments&post=589"}],"version-history":[{"count":6,"href":"https:\/\/materialnord.com\/index.php?rest_route=\/wp\/v2\/pages\/589\/revisions"}],"predecessor-version":[{"id":627,"href":"https:\/\/materialnord.com\/index.php?rest_route=\/wp\/v2\/pages\/589\/revisions\/627"}],"wp:attachment":[{"href":"https:\/\/materialnord.com\/index.php?rest_route=%2Fwp%2Fv2%2Fmedia&parent=589"}],"curies":[{"name":"wp","href":"https:\/\/api.w.org\/{rel}","templated":true}]}}